{"id":16,"date":"2025-05-19T09:52:01","date_gmt":"2025-05-19T07:52:01","guid":{"rendered":"https:\/\/festtagsauto.at\/?page_id=16"},"modified":"2025-06-03T18:35:14","modified_gmt":"2025-06-03T16:35:14","slug":"unsere-autos","status":"publish","type":"page","link":"https:\/\/festtagsauto.at\/index.php\/unsere-autos\/","title":{"rendered":"Unsere Autos"},"content":{"rendered":"\n<p><strong>Exklusive Fahrzeuge mit Chauffeur \u2013 f\u00fcr unvergessliche Momente<\/strong><br>Sie planen Ihre Traumhochzeit, einen besonderen Geburtstag oder ein unvergessliches Fotoshooting? Unser exklusiver Autoverleih bietet Ihnen stilvolle Fahrzeuge mit professionell gekleideten Chauffeuren f\u00fcr jeden besonderen Anlass.<\/p>\n\n\n\n<p>Ob klassisch, luxuri\u00f6s oder sportlich \u2013 unsere Fahrzeuge sorgen f\u00fcr den perfekten Auftritt und bleibende Erinnerungen.<\/p>\n\n\n\n<p><strong><strong>Unsere Fahrzeuge:<\/strong><\/strong><\/p>\n\n\n\n<p><strong>Unsere Flotte \u2013 Stil, Klasse und Charakter<\/strong><\/p>\n\n\n\n<p>Wir bieten eine erlesene Auswahl an Fahrzeugen, die Geschichte, Eleganz und moderne Performance vereinen:<\/p>\n\n\n\n<ul class=\"wp-block-list\">\n<li><strong><strong>Rolls Royce Silver Wraith II<\/strong><\/strong><\/li>\n<\/ul>\n\n\n\n<figure class=\"wp-block-gallery has-nested-images columns-default is-cropped wp-block-gallery-1 is-layout-flex wp-block-gallery-is-layout-flex\">\n<figure class=\"wp-block-image size-large\"><img loading=\"lazy\" decoding=\"async\" width=\"768\" height=\"1024\" data-id=\"96\" src=\"https:\/\/festtagsauto.at\/wp-content\/uploads\/2025\/06\/Rolls-3-768x1024.jpeg\" alt=\"\" class=\"wp-image-96\" srcset=\"https:\/\/festtagsauto.at\/wp-content\/uploads\/2025\/06\/Rolls-3-768x1024.jpeg 768w, https:\/\/festtagsauto.at\/wp-content\/uploads\/2025\/06\/Rolls-3-225x300.jpeg 225w, https:\/\/festtagsauto.at\/wp-content\/uploads\/2025\/06\/Rolls-3-1152x1536.jpeg 1152w, https:\/\/festtagsauto.at\/wp-content\/uploads\/2025\/06\/Rolls-3-1536x2048.jpeg 1536w, https:\/\/festtagsauto.at\/wp-content\/uploads\/2025\/06\/Rolls-3-1140x1520.jpeg 1140w, https:\/\/festtagsauto.at\/wp-content\/uploads\/2025\/06\/Rolls-3-scaled.jpeg 1920w\" sizes=\"auto, (max-width: 768px) 100vw, 768px\" \/><\/figure>\n\n\n\n<figure class=\"wp-block-image size-medium\"><img loading=\"lazy\" decoding=\"async\" width=\"225\" height=\"300\" data-id=\"97\" src=\"https:\/\/festtagsauto.at\/wp-content\/uploads\/2025\/06\/Rolls-2-225x300.jpeg\" alt=\"\" class=\"wp-image-97\"\/><\/figure>\n\n\n\n<figure class=\"wp-block-image size-large\"><img loading=\"lazy\" decoding=\"async\" width=\"768\" height=\"1024\" data-id=\"98\" src=\"https:\/\/festtagsauto.at\/wp-content\/uploads\/2025\/06\/Rolls-1-768x1024.jpeg\" alt=\"\" class=\"wp-image-98\" srcset=\"https:\/\/festtagsauto.at\/wp-content\/uploads\/2025\/06\/Rolls-1-768x1024.jpeg 768w, https:\/\/festtagsauto.at\/wp-content\/uploads\/2025\/06\/Rolls-1-225x300.jpeg 225w, https:\/\/festtagsauto.at\/wp-content\/uploads\/2025\/06\/Rolls-1-1152x1536.jpeg 1152w, https:\/\/festtagsauto.at\/wp-content\/uploads\/2025\/06\/Rolls-1-1536x2048.jpeg 1536w, https:\/\/festtagsauto.at\/wp-content\/uploads\/2025\/06\/Rolls-1-1140x1520.jpeg 1140w, https:\/\/festtagsauto.at\/wp-content\/uploads\/2025\/06\/Rolls-1-scaled.jpeg 1920w\" sizes=\"auto, (max-width: 768px) 100vw, 768px\" \/><\/figure>\n<\/figure>\n\n\n\n<p>       <strong> <\/strong>Stilvoll und majest\u00e4tisch \u2013 perfekt f\u00fcr klassische Hochzeiten und stilvolle Anl\u00e4sse.<\/p>\n\n\n\n<ul class=\"wp-block-list\">\n<li><strong><strong>Rolls Royce Silver Shadow<\/strong><\/strong><\/li>\n<\/ul>\n\n\n\n<p>         Klassische Eleganz der Extraklasse<\/p>\n\n\n\n<ul class=\"wp-block-list\">\n<li><strong><strong>Mercedes S-Klasse 450<\/strong><\/strong><\/li>\n<\/ul>\n\n\n\n<p>        Moderne Luxuslimousine mit h\u00f6chstem Komfort \u2013 der perfekte Begleiter f\u00fcr besondere Fahrten.<\/p>\n\n\n\n<ul class=\"wp-block-list\">\n<li><strong><strong>Mercedes S-Klasse 500<\/strong><\/strong><\/li>\n<\/ul>\n\n\n\n<p>        Beeindruckende Eleganz \u2013 ideal f\u00fcr Business-Kunden und elegante Auftritte.<\/p>\n\n\n\n<p>Alle Fahrzeuge werden ausschlie\u00dflich mit einem stilvoll gekleideten Chauffeur bereitgestellt \u2013 f\u00fcr ein rundum sorgenfreies Erlebnis.<\/p>\n\n\n\n<p><\/p>\n","protected":false},"excerpt":{"rendered":"<p>Exklusive Fahrzeuge mit Chauffeur \u2013 f\u00fcr unvergessliche MomenteSie planen Ihre Traumhochzeit, einen besonderen Geburtstag oder ein unvergessliches Fotoshooting? Unser exklusiver Autoverleih bietet Ihnen stilvolle Fahrzeuge mit professionell gekleideten Chauffeuren f\u00fcr jeden besonderen Anlass. Ob klassisch, luxuri\u00f6s oder sportlich \u2013 unsere Fahrzeuge sorgen f\u00fcr den perfekten Auftritt und bleibende Erinnerungen. Unsere Fahrzeuge: Unsere Flotte \u2013 Stil, Klasse und Charakter Wir bieten eine erlesene Auswahl an Fahrzeugen, die Geschichte, Eleganz und moderne Performance vereinen: Stilvoll und majest\u00e4tisch \u2013 perfekt f\u00fcr klassische Hochzeiten und stilvolle Anl\u00e4sse. Klassische Eleganz der Extraklasse Moderne Luxuslimousine mit h\u00f6chstem Komfort \u2013 der perfekte Begleiter f\u00fcr besondere Fahrten. Beeindruckende Eleganz \u2013 ideal f\u00fcr Business-Kunden und elegante Auftritte. Alle Fahrzeuge werden ausschlie\u00dflich mit einem stilvoll gekleideten Chauffeur bereitgestellt \u2013 f\u00fcr ein rundum sorgenfreies Erlebnis.<\/p>\n","protected":false},"author":1,"featured_media":0,"parent":0,"menu_order":0,"comment_status":"closed","ping_status":"closed","template":"","meta":{"footnotes":""},"class_list":["post-16","page","type-page","status-publish","hentry"],"_links":{"self":[{"href":"https:\/\/festtagsauto.at\/index.php\/wp-json\/wp\/v2\/pages\/16","targetHints":{"allow":["GET"]}}],"collection":[{"href":"https:\/\/festtagsauto.at\/index.php\/wp-json\/wp\/v2\/pages"}],"about":[{"href":"https:\/\/festtagsauto.at\/index.php\/wp-json\/wp\/v2\/types\/page"}],"author":[{"embeddable":true,"href":"https:\/\/festtagsauto.at\/index.php\/wp-json\/wp\/v2\/users\/1"}],"replies":[{"embeddable":true,"href":"https:\/\/festtagsauto.at\/index.php\/wp-json\/wp\/v2\/comments?post=16"}],"version-history":[{"count":7,"href":"https:\/\/festtagsauto.at\/index.php\/wp-json\/wp\/v2\/pages\/16\/revisions"}],"predecessor-version":[{"id":102,"href":"https:\/\/festtagsauto.at\/index.php\/wp-json\/wp\/v2\/pages\/16\/revisions\/102"}],"wp:attachment":[{"href":"https:\/\/festtagsauto.at\/index.php\/wp-json\/wp\/v2\/media?parent=16"}],"curies":[{"name":"wp","href":"https:\/\/api.w.org\/{rel}","templated":true}]}}