{"id":36,"date":"2025-05-19T10:14:48","date_gmt":"2025-05-19T08:14:48","guid":{"rendered":"https:\/\/festtagsauto.at\/?page_id=36"},"modified":"2025-05-21T11:58:29","modified_gmt":"2025-05-21T09:58:29","slug":"anlaesse","status":"publish","type":"page","link":"https:\/\/festtagsauto.at\/index.php\/anlaesse\/","title":{"rendered":"Anl\u00e4sse"},"content":{"rendered":"\n<p><strong>F\u00fcr jeden besonderen Moment das passende Fahrzeug<\/strong><\/p>\n\n\n\n<p>Unsere Chauffeurfahrten sind nicht nur f\u00fcr Hochzeiten gedacht \u2013 auch andere Anl\u00e4sse verdienen einen stilvollen Rahmen:<\/p>\n\n\n\n<ul class=\"wp-block-list\">\n<li>? <strong>Hochzeiten<\/strong> \u2013 Stilvoll zur Trauung, eindrucksvoll zur Feier<\/li>\n\n\n\n<li>? <strong>Junggesellenabschiede<\/strong> \u2013 Einmal wie ein Star durch die Stadt<\/li>\n\n\n\n<li>? <strong>Junggesellinnenabschiede<\/strong> \u2013 Glamour und Luxus vor dem gro\u00dfen Tag<\/li>\n\n\n\n<li>? <strong>Heiratsantr\u00e4ge<\/strong> \u2013 Romantik pur mit einem exklusiven Fahrzeug<\/li>\n\n\n\n<li>? <strong>Geburtstage<\/strong> \u2013 Ein edler Auftritt f\u00fcr besondere Jahre<\/li>\n\n\n\n<li>? <strong>Business-Fahrten<\/strong> \u2013 Eindruck hinterlassen bei Kunden oder Events<\/li>\n\n\n\n<li>? <strong>Film- &amp; Dreharbeiten<\/strong> \u2013 Unsere Klassiker sind echte Hingucker<\/li>\n\n\n\n<li>? <strong>Fotoshootings<\/strong> \u2013 F\u00fcr stilvolle Kulissen und luxuri\u00f6se Atmosph\u00e4re<\/li>\n<\/ul>\n\n\n\n<p>Jeder Anlass wird durch unsere Fahrzeuge zu einem Highlight \u2013 nat\u00fcrlich immer mit einem eleganten, diskreten Chauffeur.<\/p>\n\n\n\n<p><\/p>\n\n\n\n<p><\/p>\n","protected":false},"excerpt":{"rendered":"<p>F\u00fcr jeden besonderen Moment das passende Fahrzeug Unsere Chauffeurfahrten sind nicht nur f\u00fcr Hochzeiten gedacht \u2013 auch andere Anl\u00e4sse verdienen einen stilvollen Rahmen: Jeder Anlass wird durch unsere Fahrzeuge zu einem Highlight \u2013 nat\u00fcrlich immer mit einem eleganten, diskreten Chauffeur.<\/p>\n","protected":false},"author":1,"featured_media":0,"parent":0,"menu_order":0,"comment_status":"closed","ping_status":"closed","template":"","meta":{"footnotes":""},"class_list":["post-36","page","type-page","status-publish","hentry"],"_links":{"self":[{"href":"https:\/\/festtagsauto.at\/index.php\/wp-json\/wp\/v2\/pages\/36","targetHints":{"allow":["GET"]}}],"collection":[{"href":"https:\/\/festtagsauto.at\/index.php\/wp-json\/wp\/v2\/pages"}],"about":[{"href":"https:\/\/festtagsauto.at\/index.php\/wp-json\/wp\/v2\/types\/page"}],"author":[{"embeddable":true,"href":"https:\/\/festtagsauto.at\/index.php\/wp-json\/wp\/v2\/users\/1"}],"replies":[{"embeddable":true,"href":"https:\/\/festtagsauto.at\/index.php\/wp-json\/wp\/v2\/comments?post=36"}],"version-history":[{"count":2,"href":"https:\/\/festtagsauto.at\/index.php\/wp-json\/wp\/v2\/pages\/36\/revisions"}],"predecessor-version":[{"id":92,"href":"https:\/\/festtagsauto.at\/index.php\/wp-json\/wp\/v2\/pages\/36\/revisions\/92"}],"wp:attachment":[{"href":"https:\/\/festtagsauto.at\/index.php\/wp-json\/wp\/v2\/media?parent=36"}],"curies":[{"name":"wp","href":"https:\/\/api.w.org\/{rel}","templated":true}]}}